{"id":164,"date":"2019-11-07T11:27:06","date_gmt":"2019-11-07T14:27:06","guid":{"rendered":"https:\/\/bioinorganica.ufc.br\/?page_id=164"},"modified":"2020-06-03T16:38:55","modified_gmt":"2020-06-03T19:38:55","slug":"collaborators","status":"publish","type":"page","link":"https:\/\/bioinorganica.ufc.br\/?page_id=164","title":{"rendered":"Collaborators"},"content":{"rendered":"\n<p>Dr. Alzir Batista (UFSCar, BR)<br>Dr. Daniel Pontes (UFRN, BR)<br>Dr. David Wink (NIH, USA)<br>Dr. Edson Teixeira (LIBS, UFC, BR)<br>Dr. Jos\u00e9 Moura (FCT-UNL, Portugal)<br>Dra. Lisa Ridnour (NIH, USA)<br>Dr. Luiz Basso (INCT-tuberculose, PUCRS, BR)<br>Dr. Marcelo Gehlen (USP-S\u00e3o Carlos, BR)<br>Dra. M\u00e1rcia Temperini (USP, BR)<br>Dra. Marie-Alda Gilles-Gonzalez (UTSW, USA)<br>Dr. Nilberto Robson Falc\u00e3o do Nascimento (UECE, BR)<br>Dr. Paul Bernhardt (University of Queensland, Australia)<br>Dr. Peter Sadler (University of Warwick, UK)<br>Dr. Remi Chauvin (Universit\u00e9 Toulouse, FR)<br>Dra. V\u00e2nia Bernardes-G\u00e9nisson (Universit\u00e9 Toulouse, FR)<br>Dr. Wander Rog\u00e9rio Pavanelli (Universidade Estadual de Londrina, BR)<\/p>\n","protected":false},"excerpt":{"rendered":"<p>Dr. Alzir Batista (UFSCar, BR)Dr. Daniel Pontes (UFRN, BR)Dr. David Wink (NIH, USA)Dr. Edson Teixeira (LIBS, UFC, BR)Dr. Jos\u00e9 Moura (FCT-UNL, Portugal)Dra. Lisa Ridnour (NIH, USA)Dr. Luiz Basso (INCT-tuberculose, PUCRS, BR)Dr. Marcelo Gehlen (USP-S\u00e3o Carlos, BR)Dra. M\u00e1rcia Temperini (USP, BR)Dra. Marie-Alda Gilles-Gonzalez (UTSW, USA)Dr. Nilberto Robson Falc\u00e3o do Nascimento (UECE, BR)Dr. Paul Bernhardt (University of [&hellip;]<\/p>\n","protected":false},"author":1,"featured_media":0,"parent":315,"menu_order":0,"comment_status":"closed","ping_status":"closed","template":"","meta":[],"yoast_head":"<!-- This site is optimized with the Yoast SEO plugin v20.7 - https:\/\/yoast.com\/wordpress\/plugins\/seo\/ -->\n<title>Collaborators - Bioinorganic Group<\/title>\n<meta name=\"robots\" content=\"index, follow, max-snippet:-1, max-image-preview:large, max-video-preview:-1\" \/>\n<link rel=\"canonical\" href=\"https:\/\/bioinorganica.ufc.br\/?page_id=164\" \/>\n<meta property=\"og:locale\" content=\"en_US\" \/>\n<meta property=\"og:type\" content=\"article\" \/>\n<meta property=\"og:title\" content=\"Collaborators - Bioinorganic Group\" \/>\n<meta property=\"og:description\" content=\"Dr. Alzir Batista (UFSCar, BR)Dr. Daniel Pontes (UFRN, BR)Dr. David Wink (NIH, USA)Dr. Edson Teixeira (LIBS, UFC, BR)Dr. Jos\u00e9 Moura (FCT-UNL, Portugal)Dra. Lisa Ridnour (NIH, USA)Dr. Luiz Basso (INCT-tuberculose, PUCRS, BR)Dr. Marcelo Gehlen (USP-S\u00e3o Carlos, BR)Dra. M\u00e1rcia Temperini (USP, BR)Dra. Marie-Alda Gilles-Gonzalez (UTSW, USA)Dr. Nilberto Robson Falc\u00e3o do Nascimento (UECE, BR)Dr. Paul Bernhardt (University of [&hellip;]\" \/>\n<meta property=\"og:url\" content=\"https:\/\/bioinorganica.ufc.br\/?page_id=164\" \/>\n<meta property=\"og:site_name\" content=\"Bioinorganic Group\" \/>\n<meta property=\"article:modified_time\" content=\"2020-06-03T19:38:55+00:00\" \/>\n<meta name=\"twitter:card\" content=\"summary_large_image\" \/>\n<meta name=\"twitter:site\" content=\"@BioinorganicUfc\" \/>\n<meta name=\"twitter:label1\" content=\"Est. reading time\" \/>\n\t<meta name=\"twitter:data1\" content=\"1 minute\" \/>\n<script type=\"application\/ld+json\" class=\"yoast-schema-graph\">{\"@context\":\"https:\/\/schema.org\",\"@graph\":[{\"@type\":\"WebPage\",\"@id\":\"https:\/\/bioinorganica.ufc.br\/?page_id=164\",\"url\":\"https:\/\/bioinorganica.ufc.br\/?page_id=164\",\"name\":\"Collaborators - Bioinorganic Group\",\"isPartOf\":{\"@id\":\"https:\/\/bioinorganica.ufc.br\/#website\"},\"datePublished\":\"2019-11-07T14:27:06+00:00\",\"dateModified\":\"2020-06-03T19:38:55+00:00\",\"breadcrumb\":{\"@id\":\"https:\/\/bioinorganica.ufc.br\/?page_id=164#breadcrumb\"},\"inLanguage\":\"en-US\",\"potentialAction\":[{\"@type\":\"ReadAction\",\"target\":[\"https:\/\/bioinorganica.ufc.br\/?page_id=164\"]}]},{\"@type\":\"BreadcrumbList\",\"@id\":\"https:\/\/bioinorganica.ufc.br\/?page_id=164#breadcrumb\",\"itemListElement\":[{\"@type\":\"ListItem\",\"position\":1,\"name\":\"Home\",\"item\":\"https:\/\/bioinorganica.ufc.br\/\"},{\"@type\":\"ListItem\",\"position\":2,\"name\":\"Lab Members\",\"item\":\"https:\/\/bioinorganica.ufc.br\/?page_id=315\"},{\"@type\":\"ListItem\",\"position\":3,\"name\":\"Collaborators\"}]},{\"@type\":\"WebSite\",\"@id\":\"https:\/\/bioinorganica.ufc.br\/#website\",\"url\":\"https:\/\/bioinorganica.ufc.br\/\",\"name\":\"Bioinorganic Group\",\"description\":\"Department of Organic and Inorganic Chemistry\",\"publisher\":{\"@id\":\"https:\/\/bioinorganica.ufc.br\/#organization\"},\"potentialAction\":[{\"@type\":\"SearchAction\",\"target\":{\"@type\":\"EntryPoint\",\"urlTemplate\":\"https:\/\/bioinorganica.ufc.br\/?s={search_term_string}\"},\"query-input\":\"required name=search_term_string\"}],\"inLanguage\":\"en-US\"},{\"@type\":\"Organization\",\"@id\":\"https:\/\/bioinorganica.ufc.br\/#organization\",\"name\":\"Bioinorganic Group\",\"url\":\"https:\/\/bioinorganica.ufc.br\/\",\"logo\":{\"@type\":\"ImageObject\",\"inLanguage\":\"en-US\",\"@id\":\"https:\/\/bioinorganica.ufc.br\/#\/schema\/logo\/image\/\",\"url\":\"https:\/\/bioinorganica.ufc.br\/wp-content\/uploads\/cropped-cropped-cropped-WhatsApp-Image-2024-06-04-at-15.21.06.jpeg\",\"contentUrl\":\"https:\/\/bioinorganica.ufc.br\/wp-content\/uploads\/cropped-cropped-cropped-WhatsApp-Image-2024-06-04-at-15.21.06.jpeg\",\"width\":1087,\"height\":298,\"caption\":\"Bioinorganic Group\"},\"image\":{\"@id\":\"https:\/\/bioinorganica.ufc.br\/#\/schema\/logo\/image\/\"},\"sameAs\":[\"https:\/\/twitter.com\/BioinorganicUfc\",\"https:\/\/www.instagram.com\/bioinorganic_ufc\/?hl=pt-br\"]}]}<\/script>\n<!-- \/ Yoast SEO plugin. -->","yoast_head_json":{"title":"Collaborators - Bioinorganic Group","robots":{"index":"index","follow":"follow","max-snippet":"max-snippet:-1","max-image-preview":"max-image-preview:large","max-video-preview":"max-video-preview:-1"},"canonical":"https:\/\/bioinorganica.ufc.br\/?page_id=164","og_locale":"en_US","og_type":"article","og_title":"Collaborators - Bioinorganic Group","og_description":"Dr. Alzir Batista (UFSCar, BR)Dr. Daniel Pontes (UFRN, BR)Dr. David Wink (NIH, USA)Dr. Edson Teixeira (LIBS, UFC, BR)Dr. Jos\u00e9 Moura (FCT-UNL, Portugal)Dra. Lisa Ridnour (NIH, USA)Dr. Luiz Basso (INCT-tuberculose, PUCRS, BR)Dr. Marcelo Gehlen (USP-S\u00e3o Carlos, BR)Dra. M\u00e1rcia Temperini (USP, BR)Dra. Marie-Alda Gilles-Gonzalez (UTSW, USA)Dr. Nilberto Robson Falc\u00e3o do Nascimento (UECE, BR)Dr. Paul Bernhardt (University of [&hellip;]","og_url":"https:\/\/bioinorganica.ufc.br\/?page_id=164","og_site_name":"Bioinorganic Group","article_modified_time":"2020-06-03T19:38:55+00:00","twitter_card":"summary_large_image","twitter_site":"@BioinorganicUfc","twitter_misc":{"Est. reading time":"1 minute"},"schema":{"@context":"https:\/\/schema.org","@graph":[{"@type":"WebPage","@id":"https:\/\/bioinorganica.ufc.br\/?page_id=164","url":"https:\/\/bioinorganica.ufc.br\/?page_id=164","name":"Collaborators - Bioinorganic Group","isPartOf":{"@id":"https:\/\/bioinorganica.ufc.br\/#website"},"datePublished":"2019-11-07T14:27:06+00:00","dateModified":"2020-06-03T19:38:55+00:00","breadcrumb":{"@id":"https:\/\/bioinorganica.ufc.br\/?page_id=164#breadcrumb"},"inLanguage":"en-US","potentialAction":[{"@type":"ReadAction","target":["https:\/\/bioinorganica.ufc.br\/?page_id=164"]}]},{"@type":"BreadcrumbList","@id":"https:\/\/bioinorganica.ufc.br\/?page_id=164#breadcrumb","itemListElement":[{"@type":"ListItem","position":1,"name":"Home","item":"https:\/\/bioinorganica.ufc.br\/"},{"@type":"ListItem","position":2,"name":"Lab Members","item":"https:\/\/bioinorganica.ufc.br\/?page_id=315"},{"@type":"ListItem","position":3,"name":"Collaborators"}]},{"@type":"WebSite","@id":"https:\/\/bioinorganica.ufc.br\/#website","url":"https:\/\/bioinorganica.ufc.br\/","name":"Bioinorganic Group","description":"Department of Organic and Inorganic Chemistry","publisher":{"@id":"https:\/\/bioinorganica.ufc.br\/#organization"},"potentialAction":[{"@type":"SearchAction","target":{"@type":"EntryPoint","urlTemplate":"https:\/\/bioinorganica.ufc.br\/?s={search_term_string}"},"query-input":"required name=search_term_string"}],"inLanguage":"en-US"},{"@type":"Organization","@id":"https:\/\/bioinorganica.ufc.br\/#organization","name":"Bioinorganic Group","url":"https:\/\/bioinorganica.ufc.br\/","logo":{"@type":"ImageObject","inLanguage":"en-US","@id":"https:\/\/bioinorganica.ufc.br\/#\/schema\/logo\/image\/","url":"https:\/\/bioinorganica.ufc.br\/wp-content\/uploads\/cropped-cropped-cropped-WhatsApp-Image-2024-06-04-at-15.21.06.jpeg","contentUrl":"https:\/\/bioinorganica.ufc.br\/wp-content\/uploads\/cropped-cropped-cropped-WhatsApp-Image-2024-06-04-at-15.21.06.jpeg","width":1087,"height":298,"caption":"Bioinorganic Group"},"image":{"@id":"https:\/\/bioinorganica.ufc.br\/#\/schema\/logo\/image\/"},"sameAs":["https:\/\/twitter.com\/BioinorganicUfc","https:\/\/www.instagram.com\/bioinorganic_ufc\/?hl=pt-br"]}]}},"_links":{"self":[{"href":"https:\/\/bioinorganica.ufc.br\/index.php?rest_route=\/wp\/v2\/pages\/164"}],"collection":[{"href":"https:\/\/bioinorganica.ufc.br\/index.php?rest_route=\/wp\/v2\/pages"}],"about":[{"href":"https:\/\/bioinorganica.ufc.br\/index.php?rest_route=\/wp\/v2\/types\/page"}],"author":[{"embeddable":true,"href":"https:\/\/bioinorganica.ufc.br\/index.php?rest_route=\/wp\/v2\/users\/1"}],"replies":[{"embeddable":true,"href":"https:\/\/bioinorganica.ufc.br\/index.php?rest_route=%2Fwp%2Fv2%2Fcomments&post=164"}],"version-history":[{"count":8,"href":"https:\/\/bioinorganica.ufc.br\/index.php?rest_route=\/wp\/v2\/pages\/164\/revisions"}],"predecessor-version":[{"id":482,"href":"https:\/\/bioinorganica.ufc.br\/index.php?rest_route=\/wp\/v2\/pages\/164\/revisions\/482"}],"up":[{"embeddable":true,"href":"https:\/\/bioinorganica.ufc.br\/index.php?rest_route=\/wp\/v2\/pages\/315"}],"wp:attachment":[{"href":"https:\/\/bioinorganica.ufc.br\/index.php?rest_route=%2Fwp%2Fv2%2Fmedia&parent=164"}],"curies":[{"name":"wp","href":"https:\/\/api.w.org\/{rel}","templated":true}]}}