{"id":309,"date":"2020-05-14T19:53:09","date_gmt":"2020-05-14T22:53:09","guid":{"rendered":"https:\/\/bioinorganica.ufc.br\/?page_id=309"},"modified":"2020-06-06T19:26:57","modified_gmt":"2020-06-06T22:26:57","slug":"students","status":"publish","type":"page","link":"https:\/\/bioinorganica.ufc.br\/?page_id=309","title":{"rendered":"Students"},"content":{"rendered":"\n<p style=\"font-size:18px\"><strong>PhD Students<\/strong><br><a href=\"http:\/\/lattes.cnpq.br\/0630061600564717\">Aurid\u00e9ia P. de SOUSA<\/a><br><a href=\"http:\/\/buscatextual.cnpq.br\/buscatextual\/visualizacv.do?id=K4416405H4\">Edinilton CARVALHO<\/a><br>Flor\u00eancio GOUVEIA JR.<br>Francisca Mayara ALENCAR<br>Ge\u00e2ngela OLIVEIRA<br>Josiane LOB\u00c3O<br><a href=\"http:\/\/lattes.cnpq.br\/3525991955416884\">Karolina ABREU<\/a><br><a href=\"http:\/\/lattes.cnpq.br\/6436791191865532\">Lucas BEZERRA<\/a><br>Patr\u00edcia MARTINS<br>Pedro SILVA FILHO<br>Rodrigo GOIS<br>Walysson GOMES<br>Wellinson GADELHA<\/p>\n\n\n\n<p style=\"font-size:18px\"><strong>Master Students<\/strong><br>Allandeiverson de SOUSA<br>Andrelane  OLIVEIRA<br><a href=\"http:\/\/lattes.cnpq.br\/8649339152121127\">Bruna Talia CARVALHO<\/a><br>Caian SOUSA<br>Juliana Sales do NASCIMENTO<br><a href=\"http:\/\/lattes.cnpq.br\/5919992811811378\">Leandro da COSTA<\/a><br><a href=\"http:\/\/lattes.cnpq.br\/6462298758018974\">Luiz Henrique SOUZA<\/a><br><a href=\"http:\/\/Marcio Andr\u00e9 Ara\u00fajo\">Marcio Andr\u00e9 ARA\u00daJO<\/a><br><a href=\"http:\/\/lattes.cnpq.br\/7936975191178195\">Monilson REIS<\/a><br><a href=\"http:\/\/lattes.cnpq.br\/4714563123877736\">Sueslley RODRIGUES<\/a><br><a href=\"http:\/\/lattes.cnpq.br\/6115854416861457\">Vitoria DIBO<\/a><br>Woodruff MANIGAT<\/p>\n\n\n\n<p style=\"font-size:18px\"><strong>Undergraduate Students<\/strong><br>Leonardo LINHARES<br>Jo\u00e3o Marcos GAMA<br><a href=\"http:\/\/lattes.cnpq.br\/3747521788665397\">Jo\u00e3o Vitor BRITO<\/a><br><a href=\"http:\/\/lattes.cnpq.br\/3407436072612092\">Mac\u00e1rio MOTA<\/a><br>M\u00e1rio S\u00e9rgio NASCIMENTO<\/p>\n","protected":false},"excerpt":{"rendered":"<p>PhD StudentsAurid\u00e9ia P. de SOUSAEdinilton CARVALHOFlor\u00eancio GOUVEIA JR.Francisca Mayara ALENCARGe\u00e2ngela OLIVEIRAJosiane LOB\u00c3OKarolina ABREULucas BEZERRAPatr\u00edcia MARTINSPedro SILVA FILHORodrigo GOISWalysson GOMESWellinson GADELHA Master StudentsAllandeiverson de SOUSAAndrelane OLIVEIRABruna Talia CARVALHOCaian SOUSAJuliana Sales do NASCIMENTOLeandro da COSTALuiz Henrique SOUZAMarcio Andr\u00e9 ARA\u00daJOMonilson REISSueslley RODRIGUESVitoria DIBOWoodruff MANIGAT Undergraduate StudentsLeonardo LINHARESJo\u00e3o Marcos GAMAJo\u00e3o Vitor BRITOMac\u00e1rio MOTAM\u00e1rio S\u00e9rgio NASCIMENTO<\/p>\n","protected":false},"author":2,"featured_media":0,"parent":315,"menu_order":0,"comment_status":"closed","ping_status":"closed","template":"","meta":[],"yoast_head":"<!-- This site is optimized with the Yoast SEO plugin v20.7 - https:\/\/yoast.com\/wordpress\/plugins\/seo\/ -->\n<title>Students - Bioinorganic Group<\/title>\n<meta name=\"robots\" content=\"index, follow, max-snippet:-1, max-image-preview:large, max-video-preview:-1\" \/>\n<link rel=\"canonical\" href=\"https:\/\/bioinorganica.ufc.br\/?page_id=309\" \/>\n<meta property=\"og:locale\" content=\"en_US\" \/>\n<meta property=\"og:type\" content=\"article\" \/>\n<meta property=\"og:title\" content=\"Students - Bioinorganic Group\" \/>\n<meta property=\"og:description\" content=\"PhD StudentsAurid\u00e9ia P. de SOUSAEdinilton CARVALHOFlor\u00eancio GOUVEIA JR.Francisca Mayara ALENCARGe\u00e2ngela OLIVEIRAJosiane LOB\u00c3OKarolina ABREULucas BEZERRAPatr\u00edcia MARTINSPedro SILVA FILHORodrigo GOISWalysson GOMESWellinson GADELHA Master StudentsAllandeiverson de SOUSAAndrelane OLIVEIRABruna Talia CARVALHOCaian SOUSAJuliana Sales do NASCIMENTOLeandro da COSTALuiz Henrique SOUZAMarcio Andr\u00e9 ARA\u00daJOMonilson REISSueslley RODRIGUESVitoria DIBOWoodruff MANIGAT Undergraduate StudentsLeonardo LINHARESJo\u00e3o Marcos GAMAJo\u00e3o Vitor BRITOMac\u00e1rio MOTAM\u00e1rio S\u00e9rgio NASCIMENTO\" \/>\n<meta property=\"og:url\" content=\"https:\/\/bioinorganica.ufc.br\/?page_id=309\" \/>\n<meta property=\"og:site_name\" content=\"Bioinorganic Group\" \/>\n<meta property=\"article:modified_time\" content=\"2020-06-06T22:26:57+00:00\" \/>\n<meta name=\"twitter:card\" content=\"summary_large_image\" \/>\n<meta name=\"twitter:site\" content=\"@BioinorganicUfc\" \/>\n<script type=\"application\/ld+json\" class=\"yoast-schema-graph\">{\"@context\":\"https:\/\/schema.org\",\"@graph\":[{\"@type\":\"WebPage\",\"@id\":\"https:\/\/bioinorganica.ufc.br\/?page_id=309\",\"url\":\"https:\/\/bioinorganica.ufc.br\/?page_id=309\",\"name\":\"Students - Bioinorganic Group\",\"isPartOf\":{\"@id\":\"https:\/\/bioinorganica.ufc.br\/#website\"},\"datePublished\":\"2020-05-14T22:53:09+00:00\",\"dateModified\":\"2020-06-06T22:26:57+00:00\",\"breadcrumb\":{\"@id\":\"https:\/\/bioinorganica.ufc.br\/?page_id=309#breadcrumb\"},\"inLanguage\":\"en-US\",\"potentialAction\":[{\"@type\":\"ReadAction\",\"target\":[\"https:\/\/bioinorganica.ufc.br\/?page_id=309\"]}]},{\"@type\":\"BreadcrumbList\",\"@id\":\"https:\/\/bioinorganica.ufc.br\/?page_id=309#breadcrumb\",\"itemListElement\":[{\"@type\":\"ListItem\",\"position\":1,\"name\":\"Home\",\"item\":\"https:\/\/bioinorganica.ufc.br\/\"},{\"@type\":\"ListItem\",\"position\":2,\"name\":\"Lab Members\",\"item\":\"https:\/\/bioinorganica.ufc.br\/?page_id=315\"},{\"@type\":\"ListItem\",\"position\":3,\"name\":\"Students\"}]},{\"@type\":\"WebSite\",\"@id\":\"https:\/\/bioinorganica.ufc.br\/#website\",\"url\":\"https:\/\/bioinorganica.ufc.br\/\",\"name\":\"Bioinorganic Group\",\"description\":\"Department of Organic and Inorganic Chemistry\",\"publisher\":{\"@id\":\"https:\/\/bioinorganica.ufc.br\/#organization\"},\"potentialAction\":[{\"@type\":\"SearchAction\",\"target\":{\"@type\":\"EntryPoint\",\"urlTemplate\":\"https:\/\/bioinorganica.ufc.br\/?s={search_term_string}\"},\"query-input\":\"required name=search_term_string\"}],\"inLanguage\":\"en-US\"},{\"@type\":\"Organization\",\"@id\":\"https:\/\/bioinorganica.ufc.br\/#organization\",\"name\":\"Bioinorganic Group\",\"url\":\"https:\/\/bioinorganica.ufc.br\/\",\"logo\":{\"@type\":\"ImageObject\",\"inLanguage\":\"en-US\",\"@id\":\"https:\/\/bioinorganica.ufc.br\/#\/schema\/logo\/image\/\",\"url\":\"https:\/\/bioinorganica.ufc.br\/wp-content\/uploads\/cropped-cropped-cropped-WhatsApp-Image-2024-06-04-at-15.21.06.jpeg\",\"contentUrl\":\"https:\/\/bioinorganica.ufc.br\/wp-content\/uploads\/cropped-cropped-cropped-WhatsApp-Image-2024-06-04-at-15.21.06.jpeg\",\"width\":1087,\"height\":298,\"caption\":\"Bioinorganic Group\"},\"image\":{\"@id\":\"https:\/\/bioinorganica.ufc.br\/#\/schema\/logo\/image\/\"},\"sameAs\":[\"https:\/\/twitter.com\/BioinorganicUfc\",\"https:\/\/www.instagram.com\/bioinorganic_ufc\/?hl=pt-br\"]}]}<\/script>\n<!-- \/ Yoast SEO plugin. -->","yoast_head_json":{"title":"Students - Bioinorganic Group","robots":{"index":"index","follow":"follow","max-snippet":"max-snippet:-1","max-image-preview":"max-image-preview:large","max-video-preview":"max-video-preview:-1"},"canonical":"https:\/\/bioinorganica.ufc.br\/?page_id=309","og_locale":"en_US","og_type":"article","og_title":"Students - Bioinorganic Group","og_description":"PhD StudentsAurid\u00e9ia P. de SOUSAEdinilton CARVALHOFlor\u00eancio GOUVEIA JR.Francisca Mayara ALENCARGe\u00e2ngela OLIVEIRAJosiane LOB\u00c3OKarolina ABREULucas BEZERRAPatr\u00edcia MARTINSPedro SILVA FILHORodrigo GOISWalysson GOMESWellinson GADELHA Master StudentsAllandeiverson de SOUSAAndrelane OLIVEIRABruna Talia CARVALHOCaian SOUSAJuliana Sales do NASCIMENTOLeandro da COSTALuiz Henrique SOUZAMarcio Andr\u00e9 ARA\u00daJOMonilson REISSueslley RODRIGUESVitoria DIBOWoodruff MANIGAT Undergraduate StudentsLeonardo LINHARESJo\u00e3o Marcos GAMAJo\u00e3o Vitor BRITOMac\u00e1rio MOTAM\u00e1rio S\u00e9rgio NASCIMENTO","og_url":"https:\/\/bioinorganica.ufc.br\/?page_id=309","og_site_name":"Bioinorganic Group","article_modified_time":"2020-06-06T22:26:57+00:00","twitter_card":"summary_large_image","twitter_site":"@BioinorganicUfc","schema":{"@context":"https:\/\/schema.org","@graph":[{"@type":"WebPage","@id":"https:\/\/bioinorganica.ufc.br\/?page_id=309","url":"https:\/\/bioinorganica.ufc.br\/?page_id=309","name":"Students - Bioinorganic Group","isPartOf":{"@id":"https:\/\/bioinorganica.ufc.br\/#website"},"datePublished":"2020-05-14T22:53:09+00:00","dateModified":"2020-06-06T22:26:57+00:00","breadcrumb":{"@id":"https:\/\/bioinorganica.ufc.br\/?page_id=309#breadcrumb"},"inLanguage":"en-US","potentialAction":[{"@type":"ReadAction","target":["https:\/\/bioinorganica.ufc.br\/?page_id=309"]}]},{"@type":"BreadcrumbList","@id":"https:\/\/bioinorganica.ufc.br\/?page_id=309#breadcrumb","itemListElement":[{"@type":"ListItem","position":1,"name":"Home","item":"https:\/\/bioinorganica.ufc.br\/"},{"@type":"ListItem","position":2,"name":"Lab Members","item":"https:\/\/bioinorganica.ufc.br\/?page_id=315"},{"@type":"ListItem","position":3,"name":"Students"}]},{"@type":"WebSite","@id":"https:\/\/bioinorganica.ufc.br\/#website","url":"https:\/\/bioinorganica.ufc.br\/","name":"Bioinorganic Group","description":"Department of Organic and Inorganic Chemistry","publisher":{"@id":"https:\/\/bioinorganica.ufc.br\/#organization"},"potentialAction":[{"@type":"SearchAction","target":{"@type":"EntryPoint","urlTemplate":"https:\/\/bioinorganica.ufc.br\/?s={search_term_string}"},"query-input":"required name=search_term_string"}],"inLanguage":"en-US"},{"@type":"Organization","@id":"https:\/\/bioinorganica.ufc.br\/#organization","name":"Bioinorganic Group","url":"https:\/\/bioinorganica.ufc.br\/","logo":{"@type":"ImageObject","inLanguage":"en-US","@id":"https:\/\/bioinorganica.ufc.br\/#\/schema\/logo\/image\/","url":"https:\/\/bioinorganica.ufc.br\/wp-content\/uploads\/cropped-cropped-cropped-WhatsApp-Image-2024-06-04-at-15.21.06.jpeg","contentUrl":"https:\/\/bioinorganica.ufc.br\/wp-content\/uploads\/cropped-cropped-cropped-WhatsApp-Image-2024-06-04-at-15.21.06.jpeg","width":1087,"height":298,"caption":"Bioinorganic Group"},"image":{"@id":"https:\/\/bioinorganica.ufc.br\/#\/schema\/logo\/image\/"},"sameAs":["https:\/\/twitter.com\/BioinorganicUfc","https:\/\/www.instagram.com\/bioinorganic_ufc\/?hl=pt-br"]}]}},"_links":{"self":[{"href":"https:\/\/bioinorganica.ufc.br\/index.php?rest_route=\/wp\/v2\/pages\/309"}],"collection":[{"href":"https:\/\/bioinorganica.ufc.br\/index.php?rest_route=\/wp\/v2\/pages"}],"about":[{"href":"https:\/\/bioinorganica.ufc.br\/index.php?rest_route=\/wp\/v2\/types\/page"}],"author":[{"embeddable":true,"href":"https:\/\/bioinorganica.ufc.br\/index.php?rest_route=\/wp\/v2\/users\/2"}],"replies":[{"embeddable":true,"href":"https:\/\/bioinorganica.ufc.br\/index.php?rest_route=%2Fwp%2Fv2%2Fcomments&post=309"}],"version-history":[{"count":17,"href":"https:\/\/bioinorganica.ufc.br\/index.php?rest_route=\/wp\/v2\/pages\/309\/revisions"}],"predecessor-version":[{"id":491,"href":"https:\/\/bioinorganica.ufc.br\/index.php?rest_route=\/wp\/v2\/pages\/309\/revisions\/491"}],"up":[{"embeddable":true,"href":"https:\/\/bioinorganica.ufc.br\/index.php?rest_route=\/wp\/v2\/pages\/315"}],"wp:attachment":[{"href":"https:\/\/bioinorganica.ufc.br\/index.php?rest_route=%2Fwp%2Fv2%2Fmedia&parent=309"}],"curies":[{"name":"wp","href":"https:\/\/api.w.org\/{rel}","templated":true}]}}