{"id":608,"date":"2020-10-02T18:08:06","date_gmt":"2020-10-02T21:08:06","guid":{"rendered":"https:\/\/bioinorganica.ufc.br\/?page_id=608"},"modified":"2022-10-24T12:43:19","modified_gmt":"2022-10-24T15:43:19","slug":"our-online-talks","status":"publish","type":"page","link":"https:\/\/bioinorganica.ufc.br\/?page_id=608","title":{"rendered":"Our online talks and podcasts"},"content":{"rendered":"\n<ul><li>How can inorganic chemistry help in the development of novel medicines, particularly for neglected diseases? In this talk delivered in a Thematic Symposium (Chemistry in the battle of neglected diseases) in the Annual Meeting of the Brazilian Chemical Society (<strong>2021<\/strong>), Dr. Eduardo Sousa presents some key hints on the use of inorganic chemical fundamentals as novel strategies for the development of new drugs. <a rel=\"noreferrer noopener\" href=\"https:\/\/youtu.be\/3oFlmO_dpH0\" target=\"_blank\">Watch here<\/a>(In Portuguese)<\/li><\/ul>\n\n\n\n<ul><li>What are gas sensing proteins? Why are they so important for life? How can they sense small molecules such as O2, NO and CO? In this talk delivered in the Annual Meeting of the Portuguese Society of Biochemistry (<strong>2021<\/strong>), Dr Eduardo Sousa presents briefly some principles of gas sensing proteins, focusing on heme-based sensors that are the largest family of such systems. He describes some key aspects of two systems: FixL (involved symbiosis and nitrogen fixation in Rhizobia) and DevS\/DosT (involved in the dormancy process in Mycobacterium tuberculosis). <a rel=\"noreferrer noopener\" href=\"https:\/\/youtu.be\/vJ4k3VinvPY\" target=\"_blank\">Watch here<\/a> (In English)<\/li><\/ul>\n\n\n\n<ul><li>Basic science, why was and is so important for the progress of humankind ? A round-table discussion with Dr Luiz Lopes and Dr Eduardo Sousa from Bioinorganic-UFC along with Dr V\u00e2nia Bernardes-G\u00e9nisson (University of Toulouse) and Dr Jos\u00e9 Moura (FCT- Universidade Nova de Lisboa). A talk during the Week of Chemistry <strong>2020<\/strong>. <a rel=\"noreferrer noopener\" href=\"https:\/\/youtu.be\/jCKR5GC7ZXk\" target=\"_blank\">Watch here<\/a> (In Portuguese).<\/li><\/ul>\n\n\n\n<ul><li>A bacterial pandemic from the point of view of the inorganic biological chemistry, a talk delivered by Dr Eduardo Sousa during the release of the Week of Chemistry at UFC <strong>2020<\/strong>. <a rel=\"noreferrer noopener\" href=\"https:\/\/youtu.be\/UPoNMO9cuUM\" target=\"_blank\">Watch here<\/a> (In Portuguese).<\/li><\/ul>\n\n\n\n<ul><li>The benefits of the metal compounds is a radio interview with Dr Luiz Lopes, where he presents some relevant aspects of the use of metals in medicine. <a href=\"https:\/\/soundcloud.com\/rduniversitariafm\/falando-ciencia-beneficios-dos-compostos-metalicos-25112019\">Listen here<\/a> (In Portuguese).<\/li><\/ul>\n\n\n\n<ul><li>What is the importance of metals in life? What is bioinorganic chemistry? This radio interview with Dr Eduardo Sousa, he discuss some important aspects of the metals, their roles in key proteins and in many essential processes in human and bacteria. <a href=\"https:\/\/podcasts.apple.com\/br\/podcast\/qu%C3%ADmica-bioinorg%C3%A2nica\/id1556518405?i=1000583201776\">Listen here<\/a> (In Portuguese).<\/li><\/ul>\n\n\n\n<ul><li>Metalloproteins as sensors for life and the Bioinorganic group. What are these proteins, what they do and what our lab does. A second radio interview with Dr Eduardo Sousa, where he discusses the role of sensors in agriculture, diseases and our sexual life. <a href=\"https:\/\/podcasts.apple.com\/br\/podcast\/prote%C3%ADnas-met%C3%A1licas\/id1556518405?i=1000583597221\">Listen here<\/a> (In Portuguese).<\/li><\/ul>\n","protected":false},"excerpt":{"rendered":"<p>How can inorganic chemistry help in the development of novel medicines, particularly for neglected diseases? In this talk delivered in a Thematic Symposium (Chemistry in the battle of neglected diseases) in the Annual Meeting of the Brazilian Chemical Society (2021), Dr. Eduardo Sousa presents some key hints on the use of inorganic chemical fundamentals as [&hellip;]<\/p>\n","protected":false},"author":3,"featured_media":0,"parent":0,"menu_order":0,"comment_status":"closed","ping_status":"closed","template":"","meta":[],"yoast_head":"<!-- This site is optimized with the Yoast SEO plugin v20.7 - https:\/\/yoast.com\/wordpress\/plugins\/seo\/ -->\n<title>Our online talks and podcasts - Bioinorganic Group<\/title>\n<meta name=\"robots\" content=\"index, follow, max-snippet:-1, max-image-preview:large, max-video-preview:-1\" \/>\n<link rel=\"canonical\" href=\"https:\/\/bioinorganica.ufc.br\/?page_id=608\" \/>\n<meta property=\"og:locale\" content=\"en_US\" \/>\n<meta property=\"og:type\" content=\"article\" \/>\n<meta property=\"og:title\" content=\"Our online talks and podcasts - Bioinorganic Group\" \/>\n<meta property=\"og:description\" content=\"How can inorganic chemistry help in the development of novel medicines, particularly for neglected diseases? In this talk delivered in a Thematic Symposium (Chemistry in the battle of neglected diseases) in the Annual Meeting of the Brazilian Chemical Society (2021), Dr. Eduardo Sousa presents some key hints on the use of inorganic chemical fundamentals as [&hellip;]\" \/>\n<meta property=\"og:url\" content=\"https:\/\/bioinorganica.ufc.br\/?page_id=608\" \/>\n<meta property=\"og:site_name\" content=\"Bioinorganic Group\" \/>\n<meta property=\"article:modified_time\" content=\"2022-10-24T15:43:19+00:00\" \/>\n<meta name=\"twitter:card\" content=\"summary_large_image\" \/>\n<meta name=\"twitter:site\" content=\"@BioinorganicUfc\" \/>\n<meta name=\"twitter:label1\" content=\"Est. reading time\" \/>\n\t<meta name=\"twitter:data1\" content=\"2 minutes\" \/>\n<script type=\"application\/ld+json\" class=\"yoast-schema-graph\">{\"@context\":\"https:\/\/schema.org\",\"@graph\":[{\"@type\":\"WebPage\",\"@id\":\"https:\/\/bioinorganica.ufc.br\/?page_id=608\",\"url\":\"https:\/\/bioinorganica.ufc.br\/?page_id=608\",\"name\":\"Our online talks and podcasts - Bioinorganic Group\",\"isPartOf\":{\"@id\":\"https:\/\/bioinorganica.ufc.br\/#website\"},\"datePublished\":\"2020-10-02T21:08:06+00:00\",\"dateModified\":\"2022-10-24T15:43:19+00:00\",\"breadcrumb\":{\"@id\":\"https:\/\/bioinorganica.ufc.br\/?page_id=608#breadcrumb\"},\"inLanguage\":\"en-US\",\"potentialAction\":[{\"@type\":\"ReadAction\",\"target\":[\"https:\/\/bioinorganica.ufc.br\/?page_id=608\"]}]},{\"@type\":\"BreadcrumbList\",\"@id\":\"https:\/\/bioinorganica.ufc.br\/?page_id=608#breadcrumb\",\"itemListElement\":[{\"@type\":\"ListItem\",\"position\":1,\"name\":\"Home\",\"item\":\"https:\/\/bioinorganica.ufc.br\/\"},{\"@type\":\"ListItem\",\"position\":2,\"name\":\"Our online talks and podcasts\"}]},{\"@type\":\"WebSite\",\"@id\":\"https:\/\/bioinorganica.ufc.br\/#website\",\"url\":\"https:\/\/bioinorganica.ufc.br\/\",\"name\":\"Bioinorganic Group\",\"description\":\"Department of Organic and Inorganic Chemistry\",\"publisher\":{\"@id\":\"https:\/\/bioinorganica.ufc.br\/#organization\"},\"potentialAction\":[{\"@type\":\"SearchAction\",\"target\":{\"@type\":\"EntryPoint\",\"urlTemplate\":\"https:\/\/bioinorganica.ufc.br\/?s={search_term_string}\"},\"query-input\":\"required name=search_term_string\"}],\"inLanguage\":\"en-US\"},{\"@type\":\"Organization\",\"@id\":\"https:\/\/bioinorganica.ufc.br\/#organization\",\"name\":\"Bioinorganic Group\",\"url\":\"https:\/\/bioinorganica.ufc.br\/\",\"logo\":{\"@type\":\"ImageObject\",\"inLanguage\":\"en-US\",\"@id\":\"https:\/\/bioinorganica.ufc.br\/#\/schema\/logo\/image\/\",\"url\":\"https:\/\/bioinorganica.ufc.br\/wp-content\/uploads\/cropped-cropped-cropped-WhatsApp-Image-2024-06-04-at-15.21.06.jpeg\",\"contentUrl\":\"https:\/\/bioinorganica.ufc.br\/wp-content\/uploads\/cropped-cropped-cropped-WhatsApp-Image-2024-06-04-at-15.21.06.jpeg\",\"width\":1087,\"height\":298,\"caption\":\"Bioinorganic Group\"},\"image\":{\"@id\":\"https:\/\/bioinorganica.ufc.br\/#\/schema\/logo\/image\/\"},\"sameAs\":[\"https:\/\/twitter.com\/BioinorganicUfc\",\"https:\/\/www.instagram.com\/bioinorganic_ufc\/?hl=pt-br\"]}]}<\/script>\n<!-- \/ Yoast SEO plugin. -->","yoast_head_json":{"title":"Our online talks and podcasts - Bioinorganic Group","robots":{"index":"index","follow":"follow","max-snippet":"max-snippet:-1","max-image-preview":"max-image-preview:large","max-video-preview":"max-video-preview:-1"},"canonical":"https:\/\/bioinorganica.ufc.br\/?page_id=608","og_locale":"en_US","og_type":"article","og_title":"Our online talks and podcasts - Bioinorganic Group","og_description":"How can inorganic chemistry help in the development of novel medicines, particularly for neglected diseases? In this talk delivered in a Thematic Symposium (Chemistry in the battle of neglected diseases) in the Annual Meeting of the Brazilian Chemical Society (2021), Dr. Eduardo Sousa presents some key hints on the use of inorganic chemical fundamentals as [&hellip;]","og_url":"https:\/\/bioinorganica.ufc.br\/?page_id=608","og_site_name":"Bioinorganic Group","article_modified_time":"2022-10-24T15:43:19+00:00","twitter_card":"summary_large_image","twitter_site":"@BioinorganicUfc","twitter_misc":{"Est. reading time":"2 minutes"},"schema":{"@context":"https:\/\/schema.org","@graph":[{"@type":"WebPage","@id":"https:\/\/bioinorganica.ufc.br\/?page_id=608","url":"https:\/\/bioinorganica.ufc.br\/?page_id=608","name":"Our online talks and podcasts - Bioinorganic Group","isPartOf":{"@id":"https:\/\/bioinorganica.ufc.br\/#website"},"datePublished":"2020-10-02T21:08:06+00:00","dateModified":"2022-10-24T15:43:19+00:00","breadcrumb":{"@id":"https:\/\/bioinorganica.ufc.br\/?page_id=608#breadcrumb"},"inLanguage":"en-US","potentialAction":[{"@type":"ReadAction","target":["https:\/\/bioinorganica.ufc.br\/?page_id=608"]}]},{"@type":"BreadcrumbList","@id":"https:\/\/bioinorganica.ufc.br\/?page_id=608#breadcrumb","itemListElement":[{"@type":"ListItem","position":1,"name":"Home","item":"https:\/\/bioinorganica.ufc.br\/"},{"@type":"ListItem","position":2,"name":"Our online talks and podcasts"}]},{"@type":"WebSite","@id":"https:\/\/bioinorganica.ufc.br\/#website","url":"https:\/\/bioinorganica.ufc.br\/","name":"Bioinorganic Group","description":"Department of Organic and Inorganic Chemistry","publisher":{"@id":"https:\/\/bioinorganica.ufc.br\/#organization"},"potentialAction":[{"@type":"SearchAction","target":{"@type":"EntryPoint","urlTemplate":"https:\/\/bioinorganica.ufc.br\/?s={search_term_string}"},"query-input":"required name=search_term_string"}],"inLanguage":"en-US"},{"@type":"Organization","@id":"https:\/\/bioinorganica.ufc.br\/#organization","name":"Bioinorganic Group","url":"https:\/\/bioinorganica.ufc.br\/","logo":{"@type":"ImageObject","inLanguage":"en-US","@id":"https:\/\/bioinorganica.ufc.br\/#\/schema\/logo\/image\/","url":"https:\/\/bioinorganica.ufc.br\/wp-content\/uploads\/cropped-cropped-cropped-WhatsApp-Image-2024-06-04-at-15.21.06.jpeg","contentUrl":"https:\/\/bioinorganica.ufc.br\/wp-content\/uploads\/cropped-cropped-cropped-WhatsApp-Image-2024-06-04-at-15.21.06.jpeg","width":1087,"height":298,"caption":"Bioinorganic Group"},"image":{"@id":"https:\/\/bioinorganica.ufc.br\/#\/schema\/logo\/image\/"},"sameAs":["https:\/\/twitter.com\/BioinorganicUfc","https:\/\/www.instagram.com\/bioinorganic_ufc\/?hl=pt-br"]}]}},"_links":{"self":[{"href":"https:\/\/bioinorganica.ufc.br\/index.php?rest_route=\/wp\/v2\/pages\/608"}],"collection":[{"href":"https:\/\/bioinorganica.ufc.br\/index.php?rest_route=\/wp\/v2\/pages"}],"about":[{"href":"https:\/\/bioinorganica.ufc.br\/index.php?rest_route=\/wp\/v2\/types\/page"}],"author":[{"embeddable":true,"href":"https:\/\/bioinorganica.ufc.br\/index.php?rest_route=\/wp\/v2\/users\/3"}],"replies":[{"embeddable":true,"href":"https:\/\/bioinorganica.ufc.br\/index.php?rest_route=%2Fwp%2Fv2%2Fcomments&post=608"}],"version-history":[{"count":7,"href":"https:\/\/bioinorganica.ufc.br\/index.php?rest_route=\/wp\/v2\/pages\/608\/revisions"}],"predecessor-version":[{"id":774,"href":"https:\/\/bioinorganica.ufc.br\/index.php?rest_route=\/wp\/v2\/pages\/608\/revisions\/774"}],"wp:attachment":[{"href":"https:\/\/bioinorganica.ufc.br\/index.php?rest_route=%2Fwp%2Fv2%2Fmedia&parent=608"}],"curies":[{"name":"wp","href":"https:\/\/api.w.org\/{rel}","templated":true}]}}